{"id":3974,"date":"2019-05-04T15:59:45","date_gmt":"2019-05-04T13:59:45","guid":{"rendered":"https:\/\/www.eoc.rs\/mapa-korisnika\/"},"modified":"2019-05-04T16:02:29","modified_gmt":"2019-05-04T14:02:29","slug":"user-map","status":"publish","type":"page","link":"https:\/\/www.eoc.rs\/en\/user-map\/","title":{"rendered":"User map"},"content":{"rendered":"\n<style type=\"text\/css\" data-created_by=\"avia_inline_auto\" id=\"style-css-av-am4d1-0d23e6d55d551028830fc9053f1c3f34\">\n.avia-section.av-am4d1-0d23e6d55d551028830fc9053f1c3f34{\nbackground-color:#e5e5e5;\nbackground-image:unset;\n}\n<\/style>\n<div id='popustfiltersection'  class='avia-section av-am4d1-0d23e6d55d551028830fc9053f1c3f34 main_color avia-section-default avia-no-border-styling  avia-builder-el-0  el_before_av_google_map  avia-builder-el-first  av-desktop-hide av-medium-hide av-small-hide av-mini-hide avia-bg-style-parallax container_wrap sidebar_right'  ><div class='container av-section-cont-open' ><main  role=\"main\" itemprop=\"mainContentOfPage\"  class='template-page content  av-content-small alpha units'><div class='post-entry post-entry-type-page post-entry-3974'><div class='entry-content-wrapper clearfix'>\n\n<style type=\"text\/css\" data-created_by=\"avia_inline_auto\" id=\"style-css-av-jt52pwqw-bb26c8a0a189f8aeac327fc646c753a7\">\n#top .hr.hr-invisible.av-jt52pwqw-bb26c8a0a189f8aeac327fc646c753a7{\nheight:40px;\n}\n<\/style>\n<div  class='hr av-jt52pwqw-bb26c8a0a189f8aeac327fc646c753a7 hr-invisible  avia-builder-el-1  el_before_av_heading  avia-builder-el-first '><span class='hr-inner '><span class=\"hr-inner-style\"><\/span><\/span><\/div>\n\n<style type=\"text\/css\" data-created_by=\"avia_inline_auto\" id=\"style-css-av-jv9ktpbw-95fbde3cde34e6c532a231a7f6aaf9cd\">\n#top .av-special-heading.av-jv9ktpbw-95fbde3cde34e6c532a231a7f6aaf9cd{\npadding-bottom:10px;\ncolor:#ffffff;\n}\nbody .av-special-heading.av-jv9ktpbw-95fbde3cde34e6c532a231a7f6aaf9cd .av-special-heading-tag .heading-char{\nfont-size:25px;\n}\n.av-special-heading.av-jv9ktpbw-95fbde3cde34e6c532a231a7f6aaf9cd .special-heading-inner-border{\nborder-color:#ffffff;\n}\n.av-special-heading.av-jv9ktpbw-95fbde3cde34e6c532a231a7f6aaf9cd .av-subheading{\nfont-size:15px;\n}\n<\/style>\n<div  class='av-special-heading av-jv9ktpbw-95fbde3cde34e6c532a231a7f6aaf9cd av-special-heading-h1 custom-color-heading blockquote modern-quote modern-centered  avia-builder-el-2  el_after_av_hr  el_before_av_font_icon '><h1 class='av-special-heading-tag'  itemprop=\"headline\"  >User map<\/h1><div class=\"special-heading-border\"><div class=\"special-heading-inner-border\"><\/div><\/div><\/div>\n\n<style type=\"text\/css\" data-created_by=\"avia_inline_auto\" id=\"style-css-av-jt9fn7hn-9ce33b4facaf599b7d49d3436e578451\">\n.av_font_icon.av-jt9fn7hn-9ce33b4facaf599b7d49d3436e578451{\ncolor:#ffffff;\nborder-color:#ffffff;\n}\n.av_font_icon.av-jt9fn7hn-9ce33b4facaf599b7d49d3436e578451 .av-icon-char{\nfont-size:40px;\nline-height:40px;\n}\n<\/style>\n<span  class='av_font_icon av-jt9fn7hn-9ce33b4facaf599b7d49d3436e578451 avia_animate_when_visible av-icon-style- avia-icon-pos-center avia-icon-animate'><span class='av-icon-char' aria-hidden='true' data-av_icon='\ue827' data-av_iconfont='entypo-fontello' ><\/span><\/span>\n\n<style type=\"text\/css\" data-created_by=\"avia_inline_auto\" id=\"style-css-av-jsqbhxzz-b5696673f5749ed3c4c5dd4a5462d98f\">\n#top .av_textblock_section.av-jsqbhxzz-b5696673f5749ed3c4c5dd4a5462d98f .avia_textblock{\ncolor:#ffffff;\n}\n<\/style>\n<section  class='av_textblock_section av-jsqbhxzz-b5696673f5749ed3c4c5dd4a5462d98f '   itemscope=\"itemscope\" itemtype=\"https:\/\/schema.org\/CreativeWork\" ><div class='avia_textblock av_inherit_color'  itemprop=\"text\" ><p style=\"text-align: center;\">ISIC &amp; EYCA kartice\u00a0omogu\u0107avaju u\u010denicima, studentima i mladim ljudima brojne pogodnosti tokom studiranja i u svakodnevnom \u017eivotu. Beneficije koje pru\u017eaju\u00a0 kartice su brojne, kako u Srbiji, tako i tokom boravka u inostranstvu i ogledaju se kroz razne popuste koji se\u00a0 odnose na \u017eelezni\u010dki i autobuski prevoz, sme\u0161taj u hotelima i hostelima, ra\u010dune u restoranima i kafeima, ulaznice za muzeje, pozori\u0161ta, galerije, bioskope, za kupovinu u prodavnicama pojedinih brendova i jo\u0161 mnogo toga.<\/p>\n<\/div><\/section>\n\n<style type=\"text\/css\" data-created_by=\"avia_inline_auto\" id=\"style-css-av-jt52pwqw-bb26c8a0a189f8aeac327fc646c753a7\">\n#top .hr.hr-invisible.av-jt52pwqw-bb26c8a0a189f8aeac327fc646c753a7{\nheight:40px;\n}\n<\/style>\n<div  class='hr av-jt52pwqw-bb26c8a0a189f8aeac327fc646c753a7 hr-invisible  avia-builder-el-5  el_after_av_textblock  avia-builder-el-last '><span class='hr-inner '><span class=\"hr-inner-style\"><\/span><\/span><\/div>\n<\/p>\n","protected":false},"excerpt":{"rendered":"","protected":false},"author":2,"featured_media":0,"parent":0,"menu_order":0,"comment_status":"closed","ping_status":"closed","template":"","meta":{"footnotes":""},"class_list":["post-3974","page","type-page","status-publish","hentry"],"_links":{"self":[{"href":"https:\/\/www.eoc.rs\/en\/wp-json\/wp\/v2\/pages\/3974","targetHints":{"allow":["GET"]}}],"collection":[{"href":"https:\/\/www.eoc.rs\/en\/wp-json\/wp\/v2\/pages"}],"about":[{"href":"https:\/\/www.eoc.rs\/en\/wp-json\/wp\/v2\/types\/page"}],"author":[{"embeddable":true,"href":"https:\/\/www.eoc.rs\/en\/wp-json\/wp\/v2\/users\/2"}],"replies":[{"embeddable":true,"href":"https:\/\/www.eoc.rs\/en\/wp-json\/wp\/v2\/comments?post=3974"}],"version-history":[{"count":0,"href":"https:\/\/www.eoc.rs\/en\/wp-json\/wp\/v2\/pages\/3974\/revisions"}],"wp:attachment":[{"href":"https:\/\/www.eoc.rs\/en\/wp-json\/wp\/v2\/media?parent=3974"}],"curies":[{"name":"wp","href":"https:\/\/api.w.org\/{rel}","templated":true}]}}